{"id":1489,"date":"2023-06-05T13:47:17","date_gmt":"2023-06-05T11:47:17","guid":{"rendered":"https:\/\/bikestores.nl\/?page_id=1489"},"modified":"2023-06-05T13:53:11","modified_gmt":"2023-06-05T11:53:11","slug":"erklaerung-zum-datenschutz","status":"publish","type":"page","link":"https:\/\/bikestores.nl\/de\/erklaerung-zum-datenschutz\/","title":{"rendered":"Erkl\u00e4rung zum Datenschutz"},"content":{"rendered":"<h2>reCAPTCHA v3<\/h2>\n<p>Diese Website ist mit reCAPTCHA v3 gesch\u00fctzt, einem kostenlosen Antispam-Service von Google, der die Website vor Betrug und Missbrauch sch\u00fctzt. Formulare k\u00f6nnen nicht automatisch ausgef\u00fcllt werden, w\u00e4hrend die Benutzerfreundlichkeit erhalten bleibt.<\/p>\n<ul>\n<li><a href=\"https:\/\/policies.google.com\/terms\" target=\"_blank\" rel=\"noopener\">Google-Nutzungsbedingungen<\/a><\/li>\n<li><a href=\"https:\/\/policies.google.com\/privacy\" target=\"_blank\" rel=\"noopener\">Google-Datenschutzbestimmungen<\/a><\/li>\n<\/ul>\n","protected":false},"excerpt":{"rendered":"<p>reCAPTCHA v3 Diese Website ist mit reCAPTCHA v3 gesch\u00fctzt, einem kostenlosen Antispam-Service von Google, der die Website vor [&hellip;]<\/p>\n","protected":false},"author":1,"featured_media":0,"parent":0,"menu_order":0,"comment_status":"closed","ping_status":"closed","template":"","meta":{"_acf_changed":false,"footnotes":""},"class_list":["post-1489","page","type-page","status-publish","hentry"],"acf":[],"yoast_head":"<!-- This site is optimized with the Yoast SEO plugin v26.2 - https:\/\/yoast.com\/wordpress\/plugins\/seo\/ -->\n<title>Erkl\u00e4rung zum Datenschutz - Bikestore<\/title>\n<meta name=\"robots\" content=\"index, follow, max-snippet:-1, max-image-preview:large, max-video-preview:-1\" \/>\n<link rel=\"canonical\" href=\"https:\/\/bikestores.nl\/de\/erklaerung-zum-datenschutz\/\" \/>\n<meta property=\"og:locale\" content=\"de_DE\" \/>\n<meta property=\"og:type\" content=\"article\" \/>\n<meta property=\"og:title\" content=\"Erkl\u00e4rung zum Datenschutz - Bikestore\" \/>\n<meta property=\"og:description\" content=\"reCAPTCHA v3 Diese Website ist mit reCAPTCHA v3 gesch\u00fctzt, einem kostenlosen Antispam-Service von Google, der die Website vor [&hellip;]\" \/>\n<meta property=\"og:url\" content=\"https:\/\/bikestores.nl\/de\/erklaerung-zum-datenschutz\/\" \/>\n<meta property=\"og:site_name\" content=\"Bikestore\" \/>\n<meta property=\"article:modified_time\" content=\"2023-06-05T11:53:11+00:00\" \/>\n<meta name=\"twitter:card\" content=\"summary_large_image\" \/>\n<meta name=\"twitter:label1\" content=\"Gesch\u00e4tzte Lesezeit\" \/>\n\t<meta name=\"twitter:data1\" content=\"1\u00a0Minute\" \/>\n<script type=\"application\/ld+json\" class=\"yoast-schema-graph\">{\"@context\":\"https:\/\/schema.org\",\"@graph\":[{\"@type\":\"WebPage\",\"@id\":\"https:\/\/bikestores.nl\/de\/erklaerung-zum-datenschutz\/\",\"url\":\"https:\/\/bikestores.nl\/de\/erklaerung-zum-datenschutz\/\",\"name\":\"Erkl\u00e4rung zum Datenschutz - Bikestore\",\"isPartOf\":{\"@id\":\"https:\/\/bikestores.nl\/de\/#website\"},\"datePublished\":\"2023-06-05T11:47:17+00:00\",\"dateModified\":\"2023-06-05T11:53:11+00:00\",\"breadcrumb\":{\"@id\":\"https:\/\/bikestores.nl\/de\/erklaerung-zum-datenschutz\/#breadcrumb\"},\"inLanguage\":\"de\",\"potentialAction\":[{\"@type\":\"ReadAction\",\"target\":[\"https:\/\/bikestores.nl\/de\/erklaerung-zum-datenschutz\/\"]}]},{\"@type\":\"BreadcrumbList\",\"@id\":\"https:\/\/bikestores.nl\/de\/erklaerung-zum-datenschutz\/#breadcrumb\",\"itemListElement\":[{\"@type\":\"ListItem\",\"position\":1,\"name\":\"Home\",\"item\":\"https:\/\/bikestores.nl\/de\/\"},{\"@type\":\"ListItem\",\"position\":2,\"name\":\"Erkl\u00e4rung zum Datenschutz\"}]},{\"@type\":\"WebSite\",\"@id\":\"https:\/\/bikestores.nl\/de\/#website\",\"url\":\"https:\/\/bikestores.nl\/de\/\",\"name\":\"Bikestore\",\"description\":\"Das Fahrradgesch\u00e4ft f\u00fcr Den Helder &amp; Julianadorp\",\"potentialAction\":[{\"@type\":\"SearchAction\",\"target\":{\"@type\":\"EntryPoint\",\"urlTemplate\":\"https:\/\/bikestores.nl\/de\/?s={search_term_string}\"},\"query-input\":{\"@type\":\"PropertyValueSpecification\",\"valueRequired\":true,\"valueName\":\"search_term_string\"}}],\"inLanguage\":\"de\"}]}<\/script>\n<!-- \/ Yoast SEO plugin. -->","yoast_head_json":{"title":"Erkl\u00e4rung zum Datenschutz - Bikestore","robots":{"index":"index","follow":"follow","max-snippet":"max-snippet:-1","max-image-preview":"max-image-preview:large","max-video-preview":"max-video-preview:-1"},"canonical":"https:\/\/bikestores.nl\/de\/erklaerung-zum-datenschutz\/","og_locale":"de_DE","og_type":"article","og_title":"Erkl\u00e4rung zum Datenschutz - Bikestore","og_description":"reCAPTCHA v3 Diese Website ist mit reCAPTCHA v3 gesch\u00fctzt, einem kostenlosen Antispam-Service von Google, der die Website vor [&hellip;]","og_url":"https:\/\/bikestores.nl\/de\/erklaerung-zum-datenschutz\/","og_site_name":"Bikestore","article_modified_time":"2023-06-05T11:53:11+00:00","twitter_card":"summary_large_image","twitter_misc":{"Gesch\u00e4tzte Lesezeit":"1\u00a0Minute"},"schema":{"@context":"https:\/\/schema.org","@graph":[{"@type":"WebPage","@id":"https:\/\/bikestores.nl\/de\/erklaerung-zum-datenschutz\/","url":"https:\/\/bikestores.nl\/de\/erklaerung-zum-datenschutz\/","name":"Erkl\u00e4rung zum Datenschutz - Bikestore","isPartOf":{"@id":"https:\/\/bikestores.nl\/de\/#website"},"datePublished":"2023-06-05T11:47:17+00:00","dateModified":"2023-06-05T11:53:11+00:00","breadcrumb":{"@id":"https:\/\/bikestores.nl\/de\/erklaerung-zum-datenschutz\/#breadcrumb"},"inLanguage":"de","potentialAction":[{"@type":"ReadAction","target":["https:\/\/bikestores.nl\/de\/erklaerung-zum-datenschutz\/"]}]},{"@type":"BreadcrumbList","@id":"https:\/\/bikestores.nl\/de\/erklaerung-zum-datenschutz\/#breadcrumb","itemListElement":[{"@type":"ListItem","position":1,"name":"Home","item":"https:\/\/bikestores.nl\/de\/"},{"@type":"ListItem","position":2,"name":"Erkl\u00e4rung zum Datenschutz"}]},{"@type":"WebSite","@id":"https:\/\/bikestores.nl\/de\/#website","url":"https:\/\/bikestores.nl\/de\/","name":"Bikestore","description":"Das Fahrradgesch\u00e4ft f\u00fcr Den Helder &amp; Julianadorp","potentialAction":[{"@type":"SearchAction","target":{"@type":"EntryPoint","urlTemplate":"https:\/\/bikestores.nl\/de\/?s={search_term_string}"},"query-input":{"@type":"PropertyValueSpecification","valueRequired":true,"valueName":"search_term_string"}}],"inLanguage":"de"}]}},"_links":{"self":[{"href":"https:\/\/bikestores.nl\/de\/wp-json\/wp\/v2\/pages\/1489","targetHints":{"allow":["GET"]}}],"collection":[{"href":"https:\/\/bikestores.nl\/de\/wp-json\/wp\/v2\/pages"}],"about":[{"href":"https:\/\/bikestores.nl\/de\/wp-json\/wp\/v2\/types\/page"}],"author":[{"embeddable":true,"href":"https:\/\/bikestores.nl\/de\/wp-json\/wp\/v2\/users\/1"}],"replies":[{"embeddable":true,"href":"https:\/\/bikestores.nl\/de\/wp-json\/wp\/v2\/comments?post=1489"}],"version-history":[{"count":1,"href":"https:\/\/bikestores.nl\/de\/wp-json\/wp\/v2\/pages\/1489\/revisions"}],"predecessor-version":[{"id":1490,"href":"https:\/\/bikestores.nl\/de\/wp-json\/wp\/v2\/pages\/1489\/revisions\/1490"}],"wp:attachment":[{"href":"https:\/\/bikestores.nl\/de\/wp-json\/wp\/v2\/media?parent=1489"}],"curies":[{"name":"wp","href":"https:\/\/api.w.org\/{rel}","templated":true}]}}