{"id":1264,"date":"2023-04-14T15:14:08","date_gmt":"2023-04-14T13:14:08","guid":{"rendered":"https:\/\/bikestores.nl\/?page_id=1264"},"modified":"2024-01-01T12:31:38","modified_gmt":"2024-01-01T11:31:38","slug":"mietbedingungen","status":"publish","type":"page","link":"https:\/\/bikestores.nl\/de\/mietbedingungen\/","title":{"rendered":"Mietbedingungen"},"content":{"rendered":"<h2>Mietbedingungen<\/h2>\n<ol>\n<li>Es wird davon ausgegangen, dass dem Mieter ein Mietobjekt \u00fcberlassen wird, das sich in gutem Zustand befindet. Vom Vermieter wird erwartet, dass er das Mietobjekt in gutem Zustand abliefert.<\/li>\n<li>Der Mieter haftet f\u00fcr Sch\u00e4den infolge von Diebstahl sowie f\u00fcr alle \u00fcbrigen Sch\u00e4den, wie auch immer Sie bezeichnet und verursacht sein m\u00f6gen, die an dem Mietobjekt verursacht worden oder entstanden sind, unabh\u00e4ngig davon, ob dies dem Mieter oder Dritter anzulasten ist. Der Mieter erstattet dem Vermieter die sich hieraus ergebenden Reparaturkosten sowie die Kosten f\u00fcr den Ersatz, einschlie\u00dflich der Kosten f\u00fcr besch\u00e4digte Ersatzteile sp\u00e4testens an dem vereinbarten R\u00fcckgabedatum des Objekts in bar.<\/li>\n<li>Der Vermieter ist jederzeit berechtigt, das Mietobjekt bei vermeintlichem Missbrauch einzuziehen.<\/li>\n<li>Bei R\u00fcckgabe nach dem vereinbarten R\u00fcckgabedatum stellt der Vermieter f\u00fcr jeden Tag der versp\u00e4teten R\u00fcckgabe den vollen Tagessatz in Rechnung. Der zu zahlende Betrag wird ab dem Schlie\u00dfungszeitpunkt am vereinbarten R\u00fcckgabedatum zuz\u00fcglich eines Bu\u00dfgeldes H\u00f6he von 10 Euro f\u00fcr jeden Tag der versp\u00e4teten R\u00fcckgabe berechnet.<\/li>\n<li>Bei Diebstahl haftet der Mieter f\u00fcr den Tageswert des Objekts, wobei Mieteinbu\u00dfen nicht eingeschlossen sind.<\/li>\n<li>Der Mieter geht mit dem von ihm gemieteten Objekt sorgsam um.<\/li>\n<li>Der Mieter \u00fcbernimmt die gesamte gesetzliche Haftung f\u00fcr Sch\u00e4den, die Dritte erleiden.<\/li>\n<li>Bei jeder vorzeitigen R\u00fcckgabe gilt weiterhin die vereinbarte Verleihgeb\u00fchr.<\/li>\n<li>Abgesehen von der Einhaltung der Verkehrsregeln und der vor Ort geltenden polizeilichen Bestimmungen ist es streng verboten: die Bordsteinkanten hinauf-und hinunterzufahren; mit den Fahrr\u00e4dern w\u00e4hrend des Fahrens absichtlich zusammenzusto\u00dfen; mehr Personen zu transportieren als Sitzpl\u00e4tze vorhanden sind.<\/li>\n<\/ol>\n<h3>Stornierungsbedingungen:<\/h3>\n<p>Wird eine Vereinbarung vom Mieter angenommen, kann der Vermieter folgende Stornokosten berechnen:<br \/>\n\u2013 bei Stornierung bis zum 2. Tag vor dem Tag der Anmietung: 20 % des Mietpreises;<br \/>\n\u2013 bei Stornierung von 1 Tag vor dem Tag des Tages: die volle Miete.<br \/>\nAlle Streitigkeiten, die sich aus den Mietvertr\u00e4gen ergeben k\u00f6nnen, unterliegen ausschlie\u00dflich niederl\u00e4ndischem Recht. Dar\u00fcber hinaus ist nur das niederl\u00e4ndische Gericht f\u00fcr diese Streitigkeiten zust\u00e4ndig.<\/p>\n","protected":false},"excerpt":{"rendered":"<p>Mietbedingungen Es wird davon ausgegangen, dass dem Mieter ein Mietobjekt \u00fcberlassen wird, das sich in gutem Zustand befindet. [&hellip;]<\/p>\n","protected":false},"author":1,"featured_media":0,"parent":0,"menu_order":0,"comment_status":"closed","ping_status":"closed","template":"","meta":{"_acf_changed":false,"footnotes":""},"class_list":["post-1264","page","type-page","status-publish","hentry"],"acf":[],"yoast_head":"<!-- This site is optimized with the Yoast SEO plugin v26.2 - https:\/\/yoast.com\/wordpress\/plugins\/seo\/ -->\n<title>Mietbedingungen - Bikestore<\/title>\n<meta name=\"robots\" content=\"index, follow, max-snippet:-1, max-image-preview:large, max-video-preview:-1\" \/>\n<link rel=\"canonical\" href=\"https:\/\/bikestores.nl\/de\/mietbedingungen\/\" \/>\n<meta property=\"og:locale\" content=\"de_DE\" \/>\n<meta property=\"og:type\" content=\"article\" \/>\n<meta property=\"og:title\" content=\"Mietbedingungen - Bikestore\" \/>\n<meta property=\"og:description\" content=\"Mietbedingungen Es wird davon ausgegangen, dass dem Mieter ein Mietobjekt \u00fcberlassen wird, das sich in gutem Zustand befindet. [&hellip;]\" \/>\n<meta property=\"og:url\" content=\"https:\/\/bikestores.nl\/de\/mietbedingungen\/\" \/>\n<meta property=\"og:site_name\" content=\"Bikestore\" \/>\n<meta property=\"article:modified_time\" content=\"2024-01-01T11:31:38+00:00\" \/>\n<meta name=\"twitter:card\" content=\"summary_large_image\" \/>\n<meta name=\"twitter:label1\" content=\"Gesch\u00e4tzte Lesezeit\" \/>\n\t<meta name=\"twitter:data1\" content=\"2\u00a0Minuten\" \/>\n<script type=\"application\/ld+json\" class=\"yoast-schema-graph\">{\"@context\":\"https:\/\/schema.org\",\"@graph\":[{\"@type\":\"WebPage\",\"@id\":\"https:\/\/bikestores.nl\/de\/mietbedingungen\/\",\"url\":\"https:\/\/bikestores.nl\/de\/mietbedingungen\/\",\"name\":\"Mietbedingungen - Bikestore\",\"isPartOf\":{\"@id\":\"https:\/\/bikestores.nl\/de\/#website\"},\"datePublished\":\"2023-04-14T13:14:08+00:00\",\"dateModified\":\"2024-01-01T11:31:38+00:00\",\"breadcrumb\":{\"@id\":\"https:\/\/bikestores.nl\/de\/mietbedingungen\/#breadcrumb\"},\"inLanguage\":\"de\",\"potentialAction\":[{\"@type\":\"ReadAction\",\"target\":[\"https:\/\/bikestores.nl\/de\/mietbedingungen\/\"]}]},{\"@type\":\"BreadcrumbList\",\"@id\":\"https:\/\/bikestores.nl\/de\/mietbedingungen\/#breadcrumb\",\"itemListElement\":[{\"@type\":\"ListItem\",\"position\":1,\"name\":\"Home\",\"item\":\"https:\/\/bikestores.nl\/de\/\"},{\"@type\":\"ListItem\",\"position\":2,\"name\":\"Mietbedingungen\"}]},{\"@type\":\"WebSite\",\"@id\":\"https:\/\/bikestores.nl\/de\/#website\",\"url\":\"https:\/\/bikestores.nl\/de\/\",\"name\":\"Bikestore\",\"description\":\"Das Fahrradgesch\u00e4ft f\u00fcr Den Helder &amp; Julianadorp\",\"potentialAction\":[{\"@type\":\"SearchAction\",\"target\":{\"@type\":\"EntryPoint\",\"urlTemplate\":\"https:\/\/bikestores.nl\/de\/?s={search_term_string}\"},\"query-input\":{\"@type\":\"PropertyValueSpecification\",\"valueRequired\":true,\"valueName\":\"search_term_string\"}}],\"inLanguage\":\"de\"}]}<\/script>\n<!-- \/ Yoast SEO plugin. -->","yoast_head_json":{"title":"Mietbedingungen - Bikestore","robots":{"index":"index","follow":"follow","max-snippet":"max-snippet:-1","max-image-preview":"max-image-preview:large","max-video-preview":"max-video-preview:-1"},"canonical":"https:\/\/bikestores.nl\/de\/mietbedingungen\/","og_locale":"de_DE","og_type":"article","og_title":"Mietbedingungen - Bikestore","og_description":"Mietbedingungen Es wird davon ausgegangen, dass dem Mieter ein Mietobjekt \u00fcberlassen wird, das sich in gutem Zustand befindet. [&hellip;]","og_url":"https:\/\/bikestores.nl\/de\/mietbedingungen\/","og_site_name":"Bikestore","article_modified_time":"2024-01-01T11:31:38+00:00","twitter_card":"summary_large_image","twitter_misc":{"Gesch\u00e4tzte Lesezeit":"2\u00a0Minuten"},"schema":{"@context":"https:\/\/schema.org","@graph":[{"@type":"WebPage","@id":"https:\/\/bikestores.nl\/de\/mietbedingungen\/","url":"https:\/\/bikestores.nl\/de\/mietbedingungen\/","name":"Mietbedingungen - Bikestore","isPartOf":{"@id":"https:\/\/bikestores.nl\/de\/#website"},"datePublished":"2023-04-14T13:14:08+00:00","dateModified":"2024-01-01T11:31:38+00:00","breadcrumb":{"@id":"https:\/\/bikestores.nl\/de\/mietbedingungen\/#breadcrumb"},"inLanguage":"de","potentialAction":[{"@type":"ReadAction","target":["https:\/\/bikestores.nl\/de\/mietbedingungen\/"]}]},{"@type":"BreadcrumbList","@id":"https:\/\/bikestores.nl\/de\/mietbedingungen\/#breadcrumb","itemListElement":[{"@type":"ListItem","position":1,"name":"Home","item":"https:\/\/bikestores.nl\/de\/"},{"@type":"ListItem","position":2,"name":"Mietbedingungen"}]},{"@type":"WebSite","@id":"https:\/\/bikestores.nl\/de\/#website","url":"https:\/\/bikestores.nl\/de\/","name":"Bikestore","description":"Das Fahrradgesch\u00e4ft f\u00fcr Den Helder &amp; Julianadorp","potentialAction":[{"@type":"SearchAction","target":{"@type":"EntryPoint","urlTemplate":"https:\/\/bikestores.nl\/de\/?s={search_term_string}"},"query-input":{"@type":"PropertyValueSpecification","valueRequired":true,"valueName":"search_term_string"}}],"inLanguage":"de"}]}},"_links":{"self":[{"href":"https:\/\/bikestores.nl\/de\/wp-json\/wp\/v2\/pages\/1264","targetHints":{"allow":["GET"]}}],"collection":[{"href":"https:\/\/bikestores.nl\/de\/wp-json\/wp\/v2\/pages"}],"about":[{"href":"https:\/\/bikestores.nl\/de\/wp-json\/wp\/v2\/types\/page"}],"author":[{"embeddable":true,"href":"https:\/\/bikestores.nl\/de\/wp-json\/wp\/v2\/users\/1"}],"replies":[{"embeddable":true,"href":"https:\/\/bikestores.nl\/de\/wp-json\/wp\/v2\/comments?post=1264"}],"version-history":[{"count":2,"href":"https:\/\/bikestores.nl\/de\/wp-json\/wp\/v2\/pages\/1264\/revisions"}],"predecessor-version":[{"id":2188,"href":"https:\/\/bikestores.nl\/de\/wp-json\/wp\/v2\/pages\/1264\/revisions\/2188"}],"wp:attachment":[{"href":"https:\/\/bikestores.nl\/de\/wp-json\/wp\/v2\/media?parent=1264"}],"curies":[{"name":"wp","href":"https:\/\/api.w.org\/{rel}","templated":true}]}}